{"id":8,"date":"2017-03-27T10:52:22","date_gmt":"2017-03-27T08:52:22","guid":{"rendered":"https:\/\/test.gimfive.com\/blog\/?page_id=8"},"modified":"2019-02-21T18:34:17","modified_gmt":"2019-02-21T17:34:17","slug":"chi-siamo","status":"publish","type":"page","link":"https:\/\/test.gimfive.com\/blog\/?page_id=8","title":{"rendered":"Chi siamo"},"content":{"rendered":"<p>I valori fondamentali della nostra azienda sono Libert\u00e0, Semplicit\u00e0, Amicizia. Rappresentano ci\u00f2 che per noi \u00e8 essenziale nei rapporti interpersonali di tutti i giorni ed \u00e8 ci\u00f2 che ci caratterizza.<\/p>\n<p>Se desideri iscriverti al nostro Network, contattaci per proporre il tuo progetto e fissare un appuntamento!<\/p>\n<div class=\"sidebox\">\n<h3>SCEGLI LA TUA PALESTRA!<\/h3>\n<p><a class=\"cta\" href=\"https:\/\/www.gimfive.com\">CLICCA QUI<\/a><\/p>\n<p>abbonamenti in promozione a 9,90\u20ac al mese!<\/p>\n<\/div>\n<!-- AddThis Advanced Settings generic via filter on the_content --><!-- AddThis Share Buttons generic via filter on the_content -->","protected":false},"excerpt":{"rendered":"<p>I valori fondamentali della nostra azienda sono Libert\u00e0, Semplicit\u00e0, Amicizia. Rappresentano ci\u00f2 che per noi \u00e8 essenziale nei rapporti interpersonali di tutti i giorni ed \u00e8 ci\u00f2 che ci caratterizza. Se desideri iscriverti al nostro Network, contattaci per proporre il tuo progetto e fissare un appuntamento! SCEGLI LA TUA PALESTRA! CLICCA QUI abbonamenti in promozione &hellip; <\/p>\n<p class=\"link-more\"><a href=\"https:\/\/test.gimfive.com\/blog\/?page_id=8\" class=\"more-link\">Leggi tutto<span class=\"screen-reader-text\"> &#8220;Chi siamo&#8221;<\/span><\/a><\/p>\n<p><!-- AddThis Advanced Settings generic via filter on get_the_excerpt --><!-- AddThis Share Buttons generic via filter on get_the_excerpt --><\/p>\n","protected":false},"author":1,"featured_media":0,"parent":0,"menu_order":0,"comment_status":"closed","ping_status":"closed","template":"","meta":{"footnotes":""},"class_list":["post-8","page","type-page","status-publish","hentry"],"_links":{"self":[{"href":"https:\/\/test.gimfive.com\/blog\/index.php?rest_route=\/wp\/v2\/pages\/8","targetHints":{"allow":["GET"]}}],"collection":[{"href":"https:\/\/test.gimfive.com\/blog\/index.php?rest_route=\/wp\/v2\/pages"}],"about":[{"href":"https:\/\/test.gimfive.com\/blog\/index.php?rest_route=\/wp\/v2\/types\/page"}],"author":[{"embeddable":true,"href":"https:\/\/test.gimfive.com\/blog\/index.php?rest_route=\/wp\/v2\/users\/1"}],"replies":[{"embeddable":true,"href":"https:\/\/test.gimfive.com\/blog\/index.php?rest_route=%2Fwp%2Fv2%2Fcomments&post=8"}],"version-history":[{"count":4,"href":"https:\/\/test.gimfive.com\/blog\/index.php?rest_route=\/wp\/v2\/pages\/8\/revisions"}],"predecessor-version":[{"id":635,"href":"https:\/\/test.gimfive.com\/blog\/index.php?rest_route=\/wp\/v2\/pages\/8\/revisions\/635"}],"wp:attachment":[{"href":"https:\/\/test.gimfive.com\/blog\/index.php?rest_route=%2Fwp%2Fv2%2Fmedia&parent=8"}],"curies":[{"name":"wp","href":"https:\/\/api.w.org\/{rel}","templated":true}]}}